{"id":83,"date":"2014-12-01T15:42:00","date_gmt":"2014-12-01T15:42:00","guid":{"rendered":"http:\/\/asn.help\/?page_id=83"},"modified":"2025-05-26T06:50:40","modified_gmt":"2025-05-26T06:50:40","slug":"berichte-info","status":"publish","type":"page","link":"https:\/\/asn.help\/?page_id=83","title":{"rendered":"Berichte &#8211; Info"},"content":{"rendered":"\n<p class=\"has-text-align-center has-medium-font-size\"><strong>Mitgliederversammlung im Jahr 2025<\/strong><\/p>\n\n\n\n<p class=\"has-text-align-center has-medium-font-size\">Am 24. Juni 2025 fand unsere Mitgliederversammlung statt. Wir freuen uns, dass sich auch etliche Mitglieder und Interessierte per Zoom und Youtube dieser Versammlung angeschlossen haben. <br>Einen zusammenfassenden Bericht findet man <a href=\"https:\/\/asn.help\/wp-content\/uploads\/2025\/05\/Mitgliederversammlung-ASN-2025-Bericht.pdf\">hier<\/a>.<br>F\u00fcr Fragen, Anregungen und Kritiken stehen wir gerne pers\u00f6nlich zur Verf\u00fcgung.<br>Allen Mitgliedern, Spendern und Interessierten sagen wir ein herzliches vergelt\u00b4s Gott f\u00fcr die Zusammenarbeit.<\/p>\n\n\n<div class=\"wp-block-image\">\n<figure class=\"aligncenter size-full\"><a href=\"https:\/\/asn.help\/wp-content\/uploads\/2023\/09\/26589_108483592512191_100000516519603_190832_5418709_n-203x300-1.jpg\"><img loading=\"lazy\" decoding=\"async\" width=\"203\" height=\"300\" src=\"https:\/\/asn.help\/wp-content\/uploads\/2023\/09\/26589_108483592512191_100000516519603_190832_5418709_n-203x300-1.jpg\" alt=\"\" class=\"wp-image-1618\"\/><\/a><\/figure>\n<\/div>\n\n\n<p class=\"has-text-align-center has-medium-font-size\"><strong>Mitgliederversammlung im Jahr 2024<\/strong><\/p>\n\n\n\n<p class=\"has-text-align-center has-medium-font-size\">Am 29. Juni 2024 fand unsere Mitgliederversammlung statt. Wir freuen uns, dass sich auch etliche Mitglieder aus \u00d6sterreich per Zoom und Youtube dieser Versammlung angeschlossen haben. <br>Einen zusammenfassenden Bericht findet man <a href=\"https:\/\/asn.help\/wp-content\/uploads\/2024\/07\/Mitgliederbrief-2024.pdf\">hier<\/a>.<br>F\u00fcr Fragen, Anregungen und Kritiken stehen wir gerne pers\u00f6nlich zur Verf\u00fcgung.<br>Allen Mitgliedern, Spendern und Interessierten sagen wir ein herzliches vergelt\u00b4s Gott f\u00fcr die Zusammenarbeit.<\/p>\n\n\n<div class=\"wp-block-image\">\n<figure class=\"aligncenter size-large is-resized\"><a href=\"https:\/\/asn.help\/wp-content\/uploads\/2023\/10\/Bild1.jpg\"><img loading=\"lazy\" decoding=\"async\" width=\"1024\" height=\"989\" src=\"https:\/\/asn.help\/wp-content\/uploads\/2023\/10\/Bild1-1024x989.jpg\" alt=\"\" class=\"wp-image-1638\" style=\"width:336px;height:auto\" srcset=\"https:\/\/asn.help\/wp-content\/uploads\/2023\/10\/Bild1-1024x989.jpg 1024w, https:\/\/asn.help\/wp-content\/uploads\/2023\/10\/Bild1-300x290.jpg 300w, https:\/\/asn.help\/wp-content\/uploads\/2023\/10\/Bild1-768x742.jpg 768w, https:\/\/asn.help\/wp-content\/uploads\/2023\/10\/Bild1.jpg 1131w\" sizes=\"auto, (max-width: 1024px) 100vw, 1024px\" \/><\/a><\/figure>\n<\/div>\n\n<h4 style=\"text-align: center;\">Mitgliederversammlungen im Jahr\u00a0 2023<\/h4>\n<p style=\"text-align: center;\">Am 31.08.2023 fand die Mitgliederversammlung in \u00d6sterreich statt. Auf dieser wurde einstimmig beschlossen, dass sich der \u00f6sterreichische Verein zum Jahresende aufl\u00f6st, da sich nicht gen\u00fcgend Vorstandsmitglieder finden. Alle bisherigen Mitglieder haben die M\u00f6glichkeit, sich dem deutschen Verein zum 01.01.2024 anzuschlie\u00dfen.<br \/>\n&#8212;&#8212;&#8212;&#8212;&#8212;&#8212;&#8212;&#8212;&#8212;&#8212;<\/p>\n<p style=\"text-align: center;\">Am 24.06.2023 fand die diesj\u00e4hrige Mitgliederversammlung des deutschen Vereines in Stadtlohn statt.<\/p>\n<p style=\"text-align: center;\">Einen zusammenfassenden Bericht findet man <a href=\"https:\/\/asn.help\/wp-content\/uploads\/2023\/07\/Mitgliederbrief-2023.pdf\">hier.<\/a><\/p>\n<p style=\"text-align: center;\">Allen Mitgliedern, Spendern und Interessierten ein herzliches vergelt\u00b4s Gott f\u00fcr die Zusammenarbeit!<\/p>\n<p style=\"text-align: center;\"><a href=\"https:\/\/asn.help\/wp-content\/uploads\/2023\/07\/Nigeria-Dach2.jpg\"><img loading=\"lazy\" decoding=\"async\" class=\"alignnone size-medium wp-image-1552\" src=\"https:\/\/asn.help\/wp-content\/uploads\/2023\/07\/Nigeria-Dach2-300x300.jpg\" alt=\"\" width=\"300\" height=\"300\" srcset=\"https:\/\/asn.help\/wp-content\/uploads\/2023\/07\/Nigeria-Dach2-300x300.jpg 300w, https:\/\/asn.help\/wp-content\/uploads\/2023\/07\/Nigeria-Dach2-150x150.jpg 150w, https:\/\/asn.help\/wp-content\/uploads\/2023\/07\/Nigeria-Dach2.jpg 700w\" sizes=\"auto, (max-width: 300px) 100vw, 300px\" \/><\/a><\/p>\n<h4 style=\"text-align: center;\">Mitgliederversammlung 2022<\/h4>\n<p style=\"text-align: center;\">Am 25.06.2022 fand in Stadtlohn (Deutschland) endlich wieder eine Mitgliederversammlung statt.<\/p>\n<p style=\"text-align: center;\">Einen zusammenfassenden Bericht der Versammlung findet man <a href=\"https:\/\/asn.help\/pdf\/Info-2022-ASN.pdf\">hier<\/a>.<\/p>\n<p style=\"text-align: center;\">Wir sagen allen, die uns in dieser au\u00dfergew\u00f6hnlichen Zeit unterst\u00fctzt haben ein herzliches vergelt\u00b4s Gott und freuen uns auf eine weitere gute Zusammenarbeit!<\/p>\n<p><a href=\"https:\/\/asn.help\/wp-content\/uploads\/2022\/07\/Nigeria-kleine-Leute.jpg\"><img loading=\"lazy\" decoding=\"async\" class=\"size-medium wp-image-1445 aligncenter\" src=\"https:\/\/asn.help\/wp-content\/uploads\/2022\/07\/Nigeria-kleine-Leute-300x225.jpg\" alt=\"\" width=\"300\" height=\"225\" srcset=\"https:\/\/asn.help\/wp-content\/uploads\/2022\/07\/Nigeria-kleine-Leute-300x225.jpg 300w, https:\/\/asn.help\/wp-content\/uploads\/2022\/07\/Nigeria-kleine-Leute-768x576.jpg 768w, https:\/\/asn.help\/wp-content\/uploads\/2022\/07\/Nigeria-kleine-Leute.jpg 820w\" sizes=\"auto, (max-width: 300px) 100vw, 300px\" \/><\/a><\/p>\n<h4 style=\"text-align: center;\">Bericht \u00fcber das Jahr 2020<\/h4>\n<p style=\"text-align: center;\"><a href=\"https:\/\/asn.help\/wp-content\/uploads\/2021\/03\/20210304_174303.jpg\"><img loading=\"lazy\" decoding=\"async\" class=\"size-medium wp-image-1302 alignleft\" src=\"https:\/\/asn.help\/wp-content\/uploads\/2021\/03\/20210304_174303-146x300.jpg\" alt=\"\" width=\"146\" height=\"300\" srcset=\"https:\/\/asn.help\/wp-content\/uploads\/2021\/03\/20210304_174303-146x300.jpg 146w, https:\/\/asn.help\/wp-content\/uploads\/2021\/03\/20210304_174303.jpg 384w\" sizes=\"auto, (max-width: 146px) 100vw, 146px\" \/><\/a><br \/>\nLeider ist es immer noch nicht m\u00f6glich, Mitgliederversammlungen einzuberufen. Da es aber unser gro\u00dfes Anliegen ist, unsere Arbeit transparent zu machen, findet man<a href=\"https:\/\/asn.help\/wp-content\/uploads\/2021\/03\/ASN-Bericht-2020.pdf\"> hier<\/a> einen zusammenfassenden Bericht \u00fcber unsere Vereinst\u00e4tigkeit im Jahr 2020.<br \/>\nWir sind sehr dankbar, dass wir trotz Corona unsere Projekte unterst\u00fctzen konnten und sagen allen Mitgliedern und Spendern ein herzliches vergelt\u00b4s Gott.<\/p>\n<h4><\/h4>\n<h4 style=\"text-align: center;\">Mitgliederversammlungen 2019<\/h4>\n<p style=\"text-align: center;\">Wie schnell doch die Zeit vergeht. In unseren Mitgliederversammlungen schauten wir auf das Jahr 2018 zur\u00fcck.<br \/>\nEinen zusammenfassenden Bericht der Versammlungen findet man <a href=\"https:\/\/asn.help\/wp-content\/uploads\/2019\/09\/Info-2019.pdf\">hier<\/a>.<\/p>\n<p style=\"text-align: center;\">Wir sagen allen, die uns bisher unterst\u00fctzt haben, ein herzliches vergelt\u00b4s Gott und freuen uns auf eine weitere gute Zusammenarbeit!<\/p>\n<p><a href=\"https:\/\/asn.help\/wp-content\/uploads\/2019\/09\/20190901_084211.jpg\"><img loading=\"lazy\" decoding=\"async\" class=\"size-medium wp-image-1192 aligncenter\" src=\"https:\/\/asn.help\/wp-content\/uploads\/2019\/09\/20190901_084211-300x192.jpg\" alt=\"\" width=\"300\" height=\"192\" srcset=\"https:\/\/asn.help\/wp-content\/uploads\/2019\/09\/20190901_084211-300x192.jpg 300w, https:\/\/asn.help\/wp-content\/uploads\/2019\/09\/20190901_084211-768x491.jpg 768w, https:\/\/asn.help\/wp-content\/uploads\/2019\/09\/20190901_084211-1024x655.jpg 1024w, https:\/\/asn.help\/wp-content\/uploads\/2019\/09\/20190901_084211.jpg 1692w\" sizes=\"auto, (max-width: 300px) 100vw, 300px\" \/><\/a><\/p>\n<h4>Mitgliederversammlungen 2018<\/h4>\n<p>Ganz herzliche Segensgr\u00fc\u00dfe von allen teilnehmenden Mitgliedern der Mitgliederversammlung aus Stadtlohn. Der &#8222;alte&#8220; Vorstand wurde einstimmig komplett wieder gew\u00e4hlt.<\/p>\n<p><a href=\"https:\/\/asn.help\/wp-content\/uploads\/2018\/06\/Vorstand-neu.jpg\"><img loading=\"lazy\" decoding=\"async\" class=\"size-medium wp-image-1080 aligncenter\" src=\"https:\/\/asn.help\/wp-content\/uploads\/2018\/06\/Vorstand-neu-300x168.jpg\" alt=\"\" width=\"300\" height=\"168\" srcset=\"https:\/\/asn.help\/wp-content\/uploads\/2018\/06\/Vorstand-neu-300x168.jpg 300w, https:\/\/asn.help\/wp-content\/uploads\/2018\/06\/Vorstand-neu-768x431.jpg 768w, https:\/\/asn.help\/wp-content\/uploads\/2018\/06\/Vorstand-neu-1024x575.jpg 1024w\" sizes=\"auto, (max-width: 300px) 100vw, 300px\" \/><\/a><\/p>\n<p>Am 23. Juni 2018 fand die Mitgliederversammlung in<br \/>\n\u00d6sterreich statt. Dort wurde ein neuer Vorstand gew\u00e4hlt!<\/p>\n<p><a href=\"https:\/\/asn.help\/wp-content\/uploads\/2018\/06\/Vorstad-ASN-A.jpg\"><img loading=\"lazy\" decoding=\"async\" class=\"size-medium wp-image-1073 aligncenter\" src=\"https:\/\/asn.help\/wp-content\/uploads\/2018\/06\/Vorstad-ASN-A-300x225.jpg\" alt=\"\" width=\"300\" height=\"225\" srcset=\"https:\/\/asn.help\/wp-content\/uploads\/2018\/06\/Vorstad-ASN-A-300x225.jpg 300w, https:\/\/asn.help\/wp-content\/uploads\/2018\/06\/Vorstad-ASN-A-768x576.jpg 768w, https:\/\/asn.help\/wp-content\/uploads\/2018\/06\/Vorstad-ASN-A-1024x768.jpg 1024w\" sizes=\"auto, (max-width: 300px) 100vw, 300px\" \/><\/a><\/p>\n<p>Der neue Vorstand (vl. : Finanzverwalterin: Angelika Buchegger; stellv. Vorsitzende: Evelyn Mei\u00dfl; 1. Vorsitzende:\u00a0 Christine Hettegger), mit Koordinatorin<\/p>\n<p>&#8212;&#8212;&#8212;&#8212;&#8212;&#8212;&#8212;&#8212;&#8212;&#8212;&#8212;&#8212;&#8212;&#8212;&#8212;&#8212;&#8212;&#8212;&#8212;&#8212;&#8212;&#8212;&#8212;&#8212;&#8212;&#8212;&#8212;-<\/p>\n<p>Bei den diesj\u00e4hrigen Mitgliederversammlungen wurden die Projekte, die bereits stattfinden, noch einmal vorgestellt. Auch Dr. P. Angelo Unegbu betonte, wie dankbar die Sch\u00fcler, die Seminaristen und die Bewohner in seiner Heimatgemeinde in Nigeria \u00fcber alle Hilfen sind. N\u00e4heres zu den Projekten gibt es in unserem neuen<a href=\"https:\/\/asn.help\/pdf\/Flyer_ASN-D.pdf\"> Flyer<\/a>.<br \/>\nAllen Mitgliedern und Spendern sei ein herzliches vergelt\u00b4s Gott gesagt . Wir vertrauen darauf, dass wir auch im n\u00e4chsten Jahr wieder auf die Hilfe bauen k\u00f6nnen.<\/p>\n<p>Eure Vorst\u00e4nde ASN (D) und ASN (A)<\/p>\n<h4>Liebe Mitglieder\/Freunde von ASN!<\/h4>\n<p><a href=\"https:\/\/asn.help\/wp-content\/uploads\/2014\/12\/ASN-A-MV.jpg\"><img loading=\"lazy\" decoding=\"async\" class=\"wp-image-987 alignleft\" src=\"https:\/\/asn.help\/wp-content\/uploads\/2014\/12\/ASN-A-MV-225x300.jpg\" alt=\"\" width=\"179\" height=\"239\" srcset=\"https:\/\/asn.help\/wp-content\/uploads\/2014\/12\/ASN-A-MV-225x300.jpg 225w, https:\/\/asn.help\/wp-content\/uploads\/2014\/12\/ASN-A-MV.jpg 720w\" sizes=\"auto, (max-width: 179px) 100vw, 179px\" \/><\/a>Die diesj\u00e4hrigen Mitgliederversammlungen liegen hinter uns.<br \/>\nAn dieser Stelle sagen wir allen, die uns unterst\u00fctzt haben<br \/>\nund die uns noch unterst\u00fctzen werden ein herzliches vergelt\u00b4s Gott.<br \/>\nUns ist bewusst, dass wir mit kleinen Schritten vorangehen.<span class=\"text_exposed_show\"><br \/>\n<\/span><span class=\"text_exposed_show\">Doch das ist kein Grund, um verzagt zu werden.<br \/>\nSchon Mutter Teresa sagte: <a href=\"https:\/\/asn.help\/wp-content\/uploads\/2014\/12\/ASN-D.jpg\"><img loading=\"lazy\" decoding=\"async\" class=\"wp-image-988 alignright\" src=\"https:\/\/asn.help\/wp-content\/uploads\/2014\/12\/ASN-D-300x225.jpg\" alt=\"\" width=\"261\" height=\"196\" srcset=\"https:\/\/asn.help\/wp-content\/uploads\/2014\/12\/ASN-D-300x225.jpg 300w, https:\/\/asn.help\/wp-content\/uploads\/2014\/12\/ASN-D-768x576.jpg 768w, https:\/\/asn.help\/wp-content\/uploads\/2014\/12\/ASN-D.jpg 960w\" sizes=\"auto, (max-width: 261px) 100vw, 261px\" \/><\/a><br \/>\n\u201eWir k\u00f6nnen keine gro\u00dfen Dinge vollbringen \u2013 nur kleine,<br \/>\naber die mit gro\u00dfer Liebe.&#8220;<br \/>\nIn unseren neuen Flyern <em>(die Flyer werden zur Zeit erneuert)<\/em>\u00a0<\/span>findet man eine \u00dcbersicht unserer Projekte, wie sie auch in den Mitgliederversammlungen vorgestellt wurden.<br \/>\nNochmals ein herzliches vergelt\u00b4s Gott f\u00fcr alles.<\/p>\n<p>Eure Vorst\u00e4nde ASN (D) und ASN (A)<\/p>\n<h4><\/h4>\n<h4>Liebe Mitglieder\/Freunde von ASN!<\/h4>\n<p>Die Mitgliederversammlungen in Deutschland und \u00d6sterreich\u00a0sind nun auch schon vorbei. Wir sagen allen ein herzliches vergelt\u00b4s Gott f\u00fcr jede Unterst\u00fctzung.<br \/>\nASN (D) und ASN (A) bereiten zur Zeit eine Infopost vor, die alle Interessierte erhalten k\u00f6nnen. Solltest Du bisher von uns keine Post bekommen haben, aber daran interessiert sein, dann melde Dich einfach.<br \/>\nWir freuen uns auf eine weitere gute Zusammenarbeit!<\/p>\n<p><a href=\"https:\/\/asn.help\/wp-content\/uploads\/2016\/08\/IMAG4704.jpg\"><img loading=\"lazy\" decoding=\"async\" class=\"alignnone size-medium wp-image-675\" src=\"https:\/\/asn.help\/wp-content\/uploads\/2016\/08\/IMAG4704-300x170.jpg\" alt=\"IMAG4704\" width=\"300\" height=\"170\" srcset=\"https:\/\/asn.help\/wp-content\/uploads\/2016\/08\/IMAG4704-300x170.jpg 300w, https:\/\/asn.help\/wp-content\/uploads\/2016\/08\/IMAG4704-768x434.jpg 768w, https:\/\/asn.help\/wp-content\/uploads\/2016\/08\/IMAG4704-1024x579.jpg 1024w\" sizes=\"auto, (max-width: 300px) 100vw, 300px\" \/><\/a>\u00a0<a href=\"https:\/\/asn.help\/wp-content\/uploads\/2016\/08\/IMG_20160820_151211.jpg\"><img loading=\"lazy\" decoding=\"async\" class=\"alignnone size-medium wp-image-674\" src=\"https:\/\/asn.help\/wp-content\/uploads\/2016\/08\/IMG_20160820_151211-300x168.jpg\" alt=\"IMG_20160820_151211\" width=\"300\" height=\"168\" srcset=\"https:\/\/asn.help\/wp-content\/uploads\/2016\/08\/IMG_20160820_151211-300x168.jpg 300w, https:\/\/asn.help\/wp-content\/uploads\/2016\/08\/IMG_20160820_151211-768x431.jpg 768w, https:\/\/asn.help\/wp-content\/uploads\/2016\/08\/IMG_20160820_151211-1024x575.jpg 1024w\" sizes=\"auto, (max-width: 300px) 100vw, 300px\" \/><\/a><\/p>\n<p>Eine Zusammenfassung der Mitgliederversammlung findet man hier: <a href=\"https:\/\/asn.help\/wp-content\/uploads\/2014\/12\/Testinfo-2016.pdf\">Link<\/a><\/p>\n<h4><\/h4>\n<h4><span style=\"color: #333333;\">Liebe Mitglieder \/ Freunde\u00a0von ASN.<\/span><\/h4>\n<p>Nach der Mitgliederversammlung <em>(25. August<\/em>) in Deutschland, steht nun demn\u00e4chst in \u00d6sterreich die Jahreshauptversammlung an, bei der auch <em>Teile des \/<\/em> der Vorstand\/e<em>s<\/em> nach-\/neugew\u00e4hlt werden. Ein erster Termin (<em>16. August)<\/em> musste aus Satzungsgr\u00fcnden abgesagt werden, der nun auf\u00a0 Freitag, den 11. September gelegt wurde.<\/p>\n<p><a href=\"https:\/\/asn.help\/wp-content\/uploads\/2014\/12\/IMAG1741.jpg\" rel=\"attachment wp-att-438\"><img loading=\"lazy\" decoding=\"async\" class=\"aligncenter size-large wp-image-438\" src=\"https:\/\/asn.help\/wp-content\/uploads\/2014\/12\/IMAG1741-1024x579.jpg\" alt=\"IMAG1741\" width=\"474\" height=\"268\" srcset=\"https:\/\/asn.help\/wp-content\/uploads\/2014\/12\/IMAG1741-1024x579.jpg 1024w, https:\/\/asn.help\/wp-content\/uploads\/2014\/12\/IMAG1741-300x170.jpg 300w, https:\/\/asn.help\/wp-content\/uploads\/2014\/12\/IMAG1741-768x434.jpg 768w\" sizes=\"auto, (max-width: 474px) 100vw, 474px\" \/><\/a>Der neue Vorstand (vl. : 1. Vorsitzende: Angelika Buchegger; stellv. Vorsitzende: Christine Hettegger; Finanzverwalter: Josef Eder), mit Koordinatorin<\/p>\n<p>Einen <span style=\"color: #333333;\">zusammenfassenden Bericht \u00fcber das Jahr 2014 findet man hier: <\/span><strong><span style=\"color: #ff0000;\"><em><span style=\"color: #800080;\"><a href=\"https:\/\/asn.help\/wp-content\/uploads\/2014\/12\/Gesamtbericht-des-Koordinators.pdf\" target=\"_blank\" rel=\"noopener noreferrer\">Link<\/a><\/span><\/em><\/span><\/strong><\/p>\n<ul>\n<li><strong>Erste Hauptversammlung zum angelaufenen Jahr 2013<\/strong><\/li>\n<\/ul>\n<p><a href=\"https:\/\/asn.help\/wp-content\/uploads\/2014\/12\/MV-Austria-2014b.jpg\"><img loading=\"lazy\" decoding=\"async\" class=\"aligncenter size-full wp-image-93\" src=\"https:\/\/asn.help\/wp-content\/uploads\/2014\/12\/MV-Austria-2014b.jpg\" alt=\"MV-Austria-2014b\" width=\"720\" height=\"484\" srcset=\"https:\/\/asn.help\/wp-content\/uploads\/2014\/12\/MV-Austria-2014b.jpg 720w, https:\/\/asn.help\/wp-content\/uploads\/2014\/12\/MV-Austria-2014b-300x201.jpg 300w\" sizes=\"auto, (max-width: 720px) 100vw, 720px\" \/><\/a>\u00a0<span class=\"fsl\"><span id=\"fbPhotoPageCaption\" class=\"fbPhotosPhotoCaption\" tabindex=\"0\" data-ft=\"{&quot;tn&quot;:&quot;*G&quot;,&quot;type&quot;:45}\"><span class=\"hasCaption\">Am 15. November 2014 traf sich der ASN-\u00d6sterreich zur 1. Jahreshauptversammlung. Es wurde \u00fcber den Werdegang und Aktivit\u00e4ten des Vereins berichtet und der Finanzverwalter gab den Kassenbericht (Foto). Nachdem der Vorstand entlastet worden war, wurden vom Koordinator die bisher gef\u00f6rderten Projekte vorgestellt und die Fragen der Anwesenden beantwortet.<br \/>\nAlle Mitglieder sind bem\u00fcht den Verein weiter bekannt zu machen und gemeinsam Schritt f\u00fcr Schritt voranzugehen um dort zu helfen, wo sonst keiner hilft.<\/span><\/span><\/span><\/p>\n<p style=\"text-align: center;\">* * *<\/p>\n<p><span id=\"fbPhotoSnowliftCaption\" class=\"fbPhotosPhotoCaption\" tabindex=\"0\" data-ft=\"{&quot;tn&quot;:&quot;K&quot;}\"><span class=\"hasCaption\"><a href=\"https:\/\/asn.help\/wp-content\/uploads\/2014\/12\/Vorstand-ASN-D-25102014.png\"><img loading=\"lazy\" decoding=\"async\" class=\"aligncenter size-full wp-image-85\" src=\"https:\/\/asn.help\/wp-content\/uploads\/2014\/12\/Vorstand-ASN-D-25102014.png\" alt=\"Vorstand-ASN-D-25102014\" width=\"1024\" height=\"631\" srcset=\"https:\/\/asn.help\/wp-content\/uploads\/2014\/12\/Vorstand-ASN-D-25102014.png 1024w, https:\/\/asn.help\/wp-content\/uploads\/2014\/12\/Vorstand-ASN-D-25102014-300x184.png 300w\" sizes=\"auto, (max-width: 1024px) 100vw, 1024px\" \/><\/a>Am 25. Oktober 2014 fand die erste Jahreshauptversammlung von ASN in Stadtlohn statt.<br \/>\nNach den Berichten \u00fcber den Werdegang und die finanzielle Entwicklung durch die Vorsitzenden, der Finanzverwalterin, den Rechnungspr\u00fcfern und des Koordinators wurde der Vorstand einstimmig entlastet.<br \/>\nDa die 1. Vorsitzende das Amt aus famili\u00e4ren Gr\u00fcnden nicht mehr aus\u00fcben kann, w\u00e4hlte die Versammlung einstimmig Sonja Ostendorf zur 1. Vorsitzenden.<\/span><\/span><\/p>\n<p>Ich lade euch alle ein, wie Mutter Teresa bei EINS anzufangen. Sie sah auch die gro\u00dfe Not der VIELEN und hat sich dadurch nicht entmutigen<br \/>\nlassen, sondern sie ist Schritt f\u00fcr Schritt vorangegangen. Und wenn jeder von uns bei eins anf\u00e4ngt, dann wird es sicher Kreise ziehen.<\/p>\n<p style=\"text-align: left;\"><em><span style=\"color: #800080;\">Einen zusammenfassenden Bericht \u00fcber das Jahr 2013, die wenigen Wochen, die wir hatten: <\/span><\/em><a href=\"https:\/\/asn.help\/pdf\/Bericht-des-Koordinators-zur-MV2014.pdf\" target=\"_blank\" rel=\"noopener noreferrer\"><span style=\"color: #ff0000;\"><strong>Link<\/strong><\/span><\/a><em><span style=\"color: #800080;\">!<\/span><\/em><\/p>\n<p style=\"text-align: center;\">* * *<\/p>\n<p style=\"text-align: left;\">Zum Thema Gr\u00fcndung der <strong>ASN<\/strong>, <span style=\"text-decoration: underline;\">Deutschland<\/span> und <span style=\"text-decoration: underline;\">\u00d6sterreich<\/span>, haben wir hier eine <strong><a href=\"https:\/\/asn.help\/?page_id=20\">Seite<\/a><\/strong>!<\/p>","protected":false},"excerpt":{"rendered":"<p>Mitgliederversammlung im Jahr 2025 Am 24. Juni 2025 fand unsere Mitgliederversammlung statt. Wir freuen uns, dass sich auch etliche Mitglieder und Interessierte per Zoom und Youtube dieser Versammlung angeschlossen haben. Einen zusammenfassenden Bericht findet man hier.F\u00fcr Fragen, Anregungen und Kritiken stehen wir gerne pers\u00f6nlich zur Verf\u00fcgung.Allen Mitgliedern, Spendern und Interessierten sagen wir ein herzliches vergelt\u00b4s &hellip; <a href=\"https:\/\/asn.help\/?page_id=83\" class=\"more-link\"><span class=\"screen-reader-text\">Berichte &#8211; Info<\/span> weiterlesen <span class=\"meta-nav\">&rarr;<\/span><\/a><\/p>\n","protected":false},"author":5,"featured_media":0,"parent":0,"menu_order":5,"comment_status":"open","ping_status":"closed","template":"","meta":{"footnotes":""},"class_list":["post-83","page","type-page","status-publish","hentry"],"_links":{"self":[{"href":"https:\/\/asn.help\/index.php?rest_route=\/wp\/v2\/pages\/83","targetHints":{"allow":["GET"]}}],"collection":[{"href":"https:\/\/asn.help\/index.php?rest_route=\/wp\/v2\/pages"}],"about":[{"href":"https:\/\/asn.help\/index.php?rest_route=\/wp\/v2\/types\/page"}],"author":[{"embeddable":true,"href":"https:\/\/asn.help\/index.php?rest_route=\/wp\/v2\/users\/5"}],"replies":[{"embeddable":true,"href":"https:\/\/asn.help\/index.php?rest_route=%2Fwp%2Fv2%2Fcomments&post=83"}],"version-history":[{"count":32,"href":"https:\/\/asn.help\/index.php?rest_route=\/wp\/v2\/pages\/83\/revisions"}],"predecessor-version":[{"id":1868,"href":"https:\/\/asn.help\/index.php?rest_route=\/wp\/v2\/pages\/83\/revisions\/1868"}],"wp:attachment":[{"href":"https:\/\/asn.help\/index.php?rest_route=%2Fwp%2Fv2%2Fmedia&parent=83"}],"curies":[{"name":"wp","href":"https:\/\/api.w.org\/{rel}","templated":true}]}}