{"id":8,"date":"2014-11-29T11:18:19","date_gmt":"2014-11-29T11:18:19","guid":{"rendered":"http:\/\/asn.help\/?page_id=8"},"modified":"2023-10-24T14:49:14","modified_gmt":"2023-10-24T14:49:14","slug":"impressum","status":"publish","type":"page","link":"https:\/\/asn.help\/?page_id=8","title":{"rendered":"Impressum"},"content":{"rendered":"<p><strong><span style=\"color: #800000;\">Sitz des Vereins<\/span>:<\/strong><\/p>\n<p><a href=\"https:\/\/asn.help\/wp-content\/uploads\/2023\/10\/Flyer-Oktober-2023.pdf\" target=\"_blank\" rel=\"noopener\">Flyer<\/a>, <strong>Deutschland<\/strong>:<\/p>\n<p><strong>ASN.help<\/strong><br \/>\nVorsitzende Sonja Ostendorf<br \/>\nSprakelstra\u00dfe 9<br \/>\nD-48703 Stadtlohn<\/p>\n<p><strong>Tel<\/strong>: (0049) \/ (0) 2563 4044491<br \/>\nMail: vorstand.sonja (et) asn (Punkt) help<\/p>\n<p>&#8212;-<\/p>\n<p><strong>\u00d6sterreich<\/strong>:<\/p>\n<p><strong>ASN.help<\/strong><br \/>\nVorsitzende Christine Hettegger<br \/>\nZaglau 11<br \/>\nA-5600 St. Johann Pg.<\/p>\n<p><strong>Tel<\/strong>:\u00a0 (0043) \/ (0) 664 4447435<\/p>\n<p>Da der \u00f6sterreichische Verein zum Jahresende aufgel\u00f6st wird, haben die \u00f6sterreichischen Mitglieder die M\u00f6glichkeit, sich dem deutschen Verein anzuschlie\u00dfen.<\/p>\n<p><!--more--><\/p>\n<p>Inhalt\/e dieser &#8211; unserer &#8211; Seiten sind insgesamt &#8218;<strong>\u00a9 ASN.help<\/strong> gesch\u00fctzt! Ungefragte Verwendung von Bild und Text usw. sind grunds\u00e4tzlich nicht erlaubt. Also bitte vorher fragen &#8230;<\/p>\n","protected":false},"excerpt":{"rendered":"<p>Sitz des Vereins: Flyer, Deutschland: ASN.help Vorsitzende Sonja Ostendorf Sprakelstra\u00dfe 9 D-48703 Stadtlohn Tel: (0049) \/ (0) 2563 4044491 Mail: vorstand.sonja (et) asn (Punkt) help &#8212;- \u00d6sterreich: ASN.help Vorsitzende Christine Hettegger Zaglau 11 A-5600 St. Johann Pg. Tel:\u00a0 (0043) \/ (0) 664 4447435 Da der \u00f6sterreichische Verein zum Jahresende aufgel\u00f6st wird, haben die \u00f6sterreichischen Mitglieder &hellip; <a href=\"https:\/\/asn.help\/?page_id=8\" class=\"more-link\"><span class=\"screen-reader-text\">Impressum<\/span> weiterlesen <span class=\"meta-nav\">&rarr;<\/span><\/a><\/p>\n","protected":false},"author":5,"featured_media":0,"parent":0,"menu_order":9,"comment_status":"open","ping_status":"closed","template":"","meta":{"footnotes":""},"class_list":["post-8","page","type-page","status-publish","hentry"],"_links":{"self":[{"href":"https:\/\/asn.help\/index.php?rest_route=\/wp\/v2\/pages\/8","targetHints":{"allow":["GET"]}}],"collection":[{"href":"https:\/\/asn.help\/index.php?rest_route=\/wp\/v2\/pages"}],"about":[{"href":"https:\/\/asn.help\/index.php?rest_route=\/wp\/v2\/types\/page"}],"author":[{"embeddable":true,"href":"https:\/\/asn.help\/index.php?rest_route=\/wp\/v2\/users\/5"}],"replies":[{"embeddable":true,"href":"https:\/\/asn.help\/index.php?rest_route=%2Fwp%2Fv2%2Fcomments&post=8"}],"version-history":[{"count":21,"href":"https:\/\/asn.help\/index.php?rest_route=\/wp\/v2\/pages\/8\/revisions"}],"predecessor-version":[{"id":1646,"href":"https:\/\/asn.help\/index.php?rest_route=\/wp\/v2\/pages\/8\/revisions\/1646"}],"wp:attachment":[{"href":"https:\/\/asn.help\/index.php?rest_route=%2Fwp%2Fv2%2Fmedia&parent=8"}],"curies":[{"name":"wp","href":"https:\/\/api.w.org\/{rel}","templated":true}]}}