{"id":48,"date":"2014-12-01T14:26:38","date_gmt":"2014-12-01T14:26:38","guid":{"rendered":"http:\/\/asn.help\/?page_id=48"},"modified":"2025-11-04T17:34:26","modified_gmt":"2025-11-04T17:34:26","slug":"deutschland","status":"publish","type":"page","link":"https:\/\/asn.help\/?page_id=48","title":{"rendered":"Deutschland"},"content":{"rendered":"<p><a href=\"https:\/\/asn.help\/wp-content\/uploads\/2014\/12\/FlaggeD.png\"><img loading=\"lazy\" decoding=\"async\" class=\"alignleft size-full wp-image-51\" src=\"https:\/\/asn.help\/wp-content\/uploads\/2014\/12\/FlaggeD.png\" alt=\"FlaggeD\" width=\"300\" height=\"180\" \/><\/a>Die Seite wo der deutsche Weg, Besonderheiten und Aktionen ausgewiesen wird.<\/p>\n<p>.<\/p>\n<p>ist ins Vereinsregister am Amtsgericht Coesfeld, VR: 7150 eingetragen!<\/p>\n<p align=\"left\">&#8212;<\/p>\n<p align=\"left\">Spendenkonto:<br \/>\nKontoinhaber: APOSTOLATSVEREIN FUeR SOZIAL-CARITATIVE NEUEVANGELISIERUNG ASN e.V.<\/p>\n<p>IBAN: DE81401640243601405000<br \/>\nBIC: GENODEM1GRN<br \/>\n[Ko.Nr:\u00a03601405000 BLZ: 40164024] \u00a0\u00a0\u00a0\u00a0\u00a0\u00a0\u00a0\u00a0\u00a0\u00a0\u00a0\u00a0\u00a0\u00a0\u00a0\u00a0\u00a0\u00a0\u00a0\u00a0\u00a0\u00a0\u00a0\u00a0\u00a0\u00a0\u00a0\u00a0\u00a0\u00a0\u00a0\u00a0\u00a0\u00a0\u00a0\u00a0\u00a0\u00a0 ]<\/p>\n<p align=\"left\">Gemeinn\u00fctzig (<em>mildt\u00e4tige und kirchliche Zwecke<\/em>) ist erteilt, Finanzamt Ahaus\u00a0 310\/5860\/0647 VST, vom 24. M\u00e4rz 2014; Freistellungsbescheid vom 16. Oktober 2014;\u00a0 vom 8. Juni 2016;\u00a0 vom 23. Juli 2019;\u00a0 vom 15.07.2022; aktuelle Fassung vom 02.07.2025<\/p>\n<form action=\"https:\/\/www.paypal.com\/cgi-bin\/webscr\" method=\"post\" target=\"_top\"><input name=\"cmd\" type=\"hidden\" value=\"_s-xclick\" \/><br \/>\n<input name=\"hosted_button_id\" type=\"hidden\" value=\"PUF3KJ6S8L5ZL\" \/><br \/>\n<input alt=\"Jetzt einfach, schnell und sicher online bezahlen \u2013 mit PayPal.\" name=\"submit\" src=\"https:\/\/www.paypalobjects.com\/de_DE\/DE\/i\/btn\/btn_donateCC_LG.gif\" type=\"image\" \/><br \/>\n<img loading=\"lazy\" decoding=\"async\" src=\"https:\/\/www.paypalobjects.com\/de_DE\/i\/scr\/pixel.gif\" alt=\"\" width=\"1\" height=\"1\" border=\"0\" \/><\/form>\n<p align=\"left\"><i>F\u00fcr Spenden bis 300\u20ac reicht die einfache <a href=\"https:\/\/www.paypal.com\/cgi-bin\/webscr?cmd=_s-xclick&amp;hosted_button_id=PUF3KJ6S8L5ZL\" target=\"_blank\" rel=\"noopener noreferrer\">Paypal<\/a>-\/Einzahlungs-\/\u00dcberweisungsbeleg &#8211; als Spendenbest\u00e4tigung aus. Seit dem 01. Januar 2021 verlangt das Finanzamt f\u00fcr Betr\u00e4ge bis 300 \u20ac (vorher waren es 200 \u20ac) keine gesonderte Spendenbescheinigung. F\u00fcr Betr\u00e4ge dar\u00fcber hinaus, und auf Wunsch, k\u00f6nnen wir eine Best\u00e4tigung ausstellen. Dies gilt f\u00fcr Spender aus Deutschland.<\/i><\/p>\n","protected":false},"excerpt":{"rendered":"<p>Die Seite wo der deutsche Weg, Besonderheiten und Aktionen ausgewiesen wird. . ist ins Vereinsregister am Amtsgericht Coesfeld, VR: 7150 eingetragen! &#8212; Spendenkonto: Kontoinhaber: APOSTOLATSVEREIN FUeR SOZIAL-CARITATIVE NEUEVANGELISIERUNG ASN e.V. IBAN: DE81401640243601405000 BIC: GENODEM1GRN [Ko.Nr:\u00a03601405000 BLZ: 40164024] \u00a0\u00a0\u00a0\u00a0\u00a0\u00a0\u00a0\u00a0\u00a0\u00a0\u00a0\u00a0\u00a0\u00a0\u00a0\u00a0\u00a0\u00a0\u00a0\u00a0\u00a0\u00a0\u00a0\u00a0\u00a0\u00a0\u00a0\u00a0\u00a0\u00a0\u00a0\u00a0\u00a0\u00a0\u00a0\u00a0\u00a0\u00a0 ] Gemeinn\u00fctzig (mildt\u00e4tige und kirchliche Zwecke) ist erteilt, Finanzamt Ahaus\u00a0 310\/5860\/0647 VST, vom 24. M\u00e4rz 2014; Freistellungsbescheid &hellip; <a href=\"https:\/\/asn.help\/?page_id=48\" class=\"more-link\"><span class=\"screen-reader-text\">Deutschland<\/span> weiterlesen <span class=\"meta-nav\">&rarr;<\/span><\/a><\/p>\n","protected":false},"author":5,"featured_media":0,"parent":0,"menu_order":3,"comment_status":"open","ping_status":"closed","template":"","meta":{"footnotes":""},"class_list":["post-48","page","type-page","status-publish","hentry"],"_links":{"self":[{"href":"https:\/\/asn.help\/index.php?rest_route=\/wp\/v2\/pages\/48","targetHints":{"allow":["GET"]}}],"collection":[{"href":"https:\/\/asn.help\/index.php?rest_route=\/wp\/v2\/pages"}],"about":[{"href":"https:\/\/asn.help\/index.php?rest_route=\/wp\/v2\/types\/page"}],"author":[{"embeddable":true,"href":"https:\/\/asn.help\/index.php?rest_route=\/wp\/v2\/users\/5"}],"replies":[{"embeddable":true,"href":"https:\/\/asn.help\/index.php?rest_route=%2Fwp%2Fv2%2Fcomments&post=48"}],"version-history":[{"count":16,"href":"https:\/\/asn.help\/index.php?rest_route=\/wp\/v2\/pages\/48\/revisions"}],"predecessor-version":[{"id":1924,"href":"https:\/\/asn.help\/index.php?rest_route=\/wp\/v2\/pages\/48\/revisions\/1924"}],"wp:attachment":[{"href":"https:\/\/asn.help\/index.php?rest_route=%2Fwp%2Fv2%2Fmedia&parent=48"}],"curies":[{"name":"wp","href":"https:\/\/api.w.org\/{rel}","templated":true}]}}