{"id":421,"date":"2016-01-13T09:04:50","date_gmt":"2016-01-13T09:04:50","guid":{"rendered":"http:\/\/asn.help\/?page_id=421"},"modified":"2025-02-18T09:53:14","modified_gmt":"2025-02-18T09:53:14","slug":"spendenbescheinigungen","status":"publish","type":"page","link":"https:\/\/asn.help\/?page_id=421","title":{"rendered":"Spendenbescheinigungen"},"content":{"rendered":"<div class=\"csc-textpic-text\">\n<p><b>Ihre Spende ist steuerlich absetzbar \u2013 das m\u00fcssen Sie beachten<\/b><\/p>\n<p>Mitgliedsbeitr\u00e4ge und Spenden f\u00fcr <strong>ASN.help<\/strong> sind von der Steuer (in Deutschland) absetzbar. Spenden bis zu 300,00 Euro k\u00f6nnen Sie mittels Einzahlungsbeleg oder Kontoauszug der Bank steuerlich geltend machen. Erst ab einer Spendenh\u00f6he von 300,00 Euro ist die Vorlage einer amtlichen Zuwendungsbest\u00e4tigung erforderlich.<\/p>\n<p><b>ASN &#8211; Spenderservice: Automatische Spendenbescheinigung<\/b><\/p>\n<p><strong>ASN<\/strong> ist beim Finanzamt als gemeinn\u00fctzige Organisation anerkannt und von der K\u00f6rperschaftssteuer befreit, somit k\u00f6nnen Sie Spenden an <strong>ASN<\/strong> von der Steuer absetzen.<\/p>\n<p>Bereits ab einer Spendensumme in H\u00f6he von 20 Euro erhalten Sie automatisch ein Dankschreiben (ggf. als Mail); ab 300 Euro eine separate Spendenquittung f\u00fcr das Finanzamt. Innerhalb von vier Wochen nach Eingang Ihrer Spende wird Ihnen Ihre Bescheinigung zugesandt. Spender mit einem regelm\u00e4\u00dfigen Spendenmodus erhalten zum Anfang des Folgejahres ihrer Spenden automatisch eine Sammel-Spendenbescheinigung. <b>Bitte vergessen Sie nicht, Ihre Adresse anzugeben.\u00a0<\/b><\/p>\n<p>&nbsp;<\/p>\n<\/div>\n<p>&nbsp;<\/p>\n<p>&nbsp;<\/p>\n<p>&nbsp;<\/p>\n","protected":false},"excerpt":{"rendered":"<p>Ihre Spende ist steuerlich absetzbar \u2013 das m\u00fcssen Sie beachten Mitgliedsbeitr\u00e4ge und Spenden f\u00fcr ASN.help sind von der Steuer (in Deutschland) absetzbar. Spenden bis zu 300,00 Euro k\u00f6nnen Sie mittels Einzahlungsbeleg oder Kontoauszug der Bank steuerlich geltend machen. Erst ab einer Spendenh\u00f6he von 300,00 Euro ist die Vorlage einer amtlichen Zuwendungsbest\u00e4tigung erforderlich. ASN &#8211; Spenderservice: &hellip; <a href=\"https:\/\/asn.help\/?page_id=421\" class=\"more-link\"><span class=\"screen-reader-text\">Spendenbescheinigungen<\/span> weiterlesen <span class=\"meta-nav\">&rarr;<\/span><\/a><\/p>\n","protected":false},"author":5,"featured_media":0,"parent":48,"menu_order":3,"comment_status":"closed","ping_status":"closed","template":"","meta":{"footnotes":""},"class_list":["post-421","page","type-page","status-publish","hentry"],"_links":{"self":[{"href":"https:\/\/asn.help\/index.php?rest_route=\/wp\/v2\/pages\/421","targetHints":{"allow":["GET"]}}],"collection":[{"href":"https:\/\/asn.help\/index.php?rest_route=\/wp\/v2\/pages"}],"about":[{"href":"https:\/\/asn.help\/index.php?rest_route=\/wp\/v2\/types\/page"}],"author":[{"embeddable":true,"href":"https:\/\/asn.help\/index.php?rest_route=\/wp\/v2\/users\/5"}],"replies":[{"embeddable":true,"href":"https:\/\/asn.help\/index.php?rest_route=%2Fwp%2Fv2%2Fcomments&post=421"}],"version-history":[{"count":3,"href":"https:\/\/asn.help\/index.php?rest_route=\/wp\/v2\/pages\/421\/revisions"}],"predecessor-version":[{"id":1829,"href":"https:\/\/asn.help\/index.php?rest_route=\/wp\/v2\/pages\/421\/revisions\/1829"}],"up":[{"embeddable":true,"href":"https:\/\/asn.help\/index.php?rest_route=\/wp\/v2\/pages\/48"}],"wp:attachment":[{"href":"https:\/\/asn.help\/index.php?rest_route=%2Fwp%2Fv2%2Fmedia&parent=421"}],"curies":[{"name":"wp","href":"https:\/\/api.w.org\/{rel}","templated":true}]}}