{"id":38,"date":"2014-12-01T14:21:59","date_gmt":"2014-12-01T14:21:59","guid":{"rendered":"http:\/\/asn.help\/?page_id=38"},"modified":"2024-02-27T05:52:58","modified_gmt":"2024-02-27T05:52:58","slug":"nigeria","status":"publish","type":"page","link":"https:\/\/asn.help\/?page_id=38","title":{"rendered":"Nigeria"},"content":{"rendered":"<p>Hier werden Ausz\u00fcge unserer bisherigen bzw. zuk\u00fcnftigen Projekte ver\u00f6ffentlicht, die wir in Nigeria gef\u00f6rdert haben und weiter f\u00f6rdern m\u00f6chten:<\/p>\n<p><a href=\"https:\/\/asn.help\/wp-content\/uploads\/2018\/10\/Nigeria-neu.jpg\"><img loading=\"lazy\" decoding=\"async\" class=\" wp-image-1124 aligncenter\" src=\"https:\/\/asn.help\/wp-content\/uploads\/2018\/10\/Nigeria-neu-300x234.jpg\" alt=\"\" width=\"396\" height=\"309\" srcset=\"https:\/\/asn.help\/wp-content\/uploads\/2018\/10\/Nigeria-neu-300x234.jpg 300w, https:\/\/asn.help\/wp-content\/uploads\/2018\/10\/Nigeria-neu-768x600.jpg 768w, https:\/\/asn.help\/wp-content\/uploads\/2018\/10\/Nigeria-neu.jpg 795w\" sizes=\"auto, (max-width: 396px) 100vw, 396px\" \/><\/a><\/p>\n<h2><strong>Schule<\/strong><span style=\"color: #444444;\"><strong>\u00a0<\/strong><\/span><\/h2>\n<p><a href=\"https:\/\/asn.help\/wp-content\/uploads\/2014\/12\/Projekt-N-Schule01.jpg\"><img loading=\"lazy\" decoding=\"async\" class=\"aligncenter wp-image-41\" src=\"https:\/\/asn.help\/wp-content\/uploads\/2014\/12\/Projekt-N-Schule01.jpg\" alt=\"Projekt-N-Schule01\" width=\"399\" height=\"242\" \/><\/a>250 Sch\u00fcler \u2013 aber was f\u00fcr ein Klassenraum.<\/p>\n<p>Mitglieder von ASN haben geholfen, dass die Sch\u00fcler Tische und B\u00e4nke bekamen, an denen sie dem Unterricht folgen k\u00f6nnen; Computer, um sich auf die Zukunft vorzubereiten.<\/p>\n<p>Doch wie entstand die Schule in Nigeria eigentlich? <a href=\"https:\/\/asn.help\/wp-content\/uploads\/2014\/12\/Nigeria-Schule.pdf\">Hier<\/a>\u00a0berichtet P. Angelo \u00fcber den Werdegang.<\/p>\n<p>Zwischenzeitig konnten wir die Schule durch weitere Zuwendungen unterst\u00fctzen\u00a0 bzw. m\u00f6chten dieses Projekt, die\u00a0Kinder auch weiterhin nach unseren M\u00f6glichkeiten unterst\u00fctzen. Doch dies k\u00f6nnen wir nur mit Ihrer freundlichen Unterst\u00fctzung.<\/p>\n<p>Inzwischen haben schon etliche Kinder die Schulausbildung abgeschlossen und befinden sich in einer Ausbildung. Dies ist nur m\u00f6glich, weil die Kinder in der Schule unterrichtet wurden.<\/p>\n<p>Diese Kinder haben so eine Zukunft in ihrem Land und sind allen Spendern sehr dankbar daf\u00fcr.<\/p>\n<p>Im Jahr 2023 wurde die komplette Schule von innen und au\u00dfen renoviert,. Jetzt regnet es nicht mehr in die Klassenr\u00e4ume, die R\u00e4ume wirken hell und freundlich, es konnte ordentliches Inventar (Tafeln, B\u00e4nke, Tische&#8230;) angeschafft werden, die Elektronik wurde erneuert &#8230;<br \/>\nLeider fehlt einigen Eltern das Geld, um die Kinder zur Schule schicken zu k\u00f6nnen. Wir m\u00f6chten erreichen, dass kein Kind des Geldes wegen die Schule nicht besuchen kann.<\/p>\n<p><a href=\"https:\/\/asn.help\/wp-content\/uploads\/2023\/10\/15bff9f3-3121-474b-bcfd-5d9b457ef7f0-Test-.jpg\"><img loading=\"lazy\" decoding=\"async\" class=\"alignnone size-medium wp-image-1633\" src=\"https:\/\/asn.help\/wp-content\/uploads\/2023\/10\/15bff9f3-3121-474b-bcfd-5d9b457ef7f0-Test--300x165.jpg\" alt=\"\" width=\"300\" height=\"165\" srcset=\"https:\/\/asn.help\/wp-content\/uploads\/2023\/10\/15bff9f3-3121-474b-bcfd-5d9b457ef7f0-Test--300x165.jpg 300w, https:\/\/asn.help\/wp-content\/uploads\/2023\/10\/15bff9f3-3121-474b-bcfd-5d9b457ef7f0-Test--768x422.jpg 768w, https:\/\/asn.help\/wp-content\/uploads\/2023\/10\/15bff9f3-3121-474b-bcfd-5d9b457ef7f0-Test--672x372.jpg 672w, https:\/\/asn.help\/wp-content\/uploads\/2023\/10\/15bff9f3-3121-474b-bcfd-5d9b457ef7f0-Test-.jpg 884w\" sizes=\"auto, (max-width: 300px) 100vw, 300px\" \/><\/a><\/p>\n<p><a href=\"https:\/\/asn.help\/wp-content\/uploads\/2023\/10\/alt-neu-1.jpg\"><img loading=\"lazy\" decoding=\"async\" class=\"alignnone size-medium wp-image-1650\" src=\"https:\/\/asn.help\/wp-content\/uploads\/2023\/10\/alt-neu-1-300x92.jpg\" alt=\"\" width=\"300\" height=\"92\" srcset=\"https:\/\/asn.help\/wp-content\/uploads\/2023\/10\/alt-neu-1-300x92.jpg 300w, https:\/\/asn.help\/wp-content\/uploads\/2023\/10\/alt-neu-1.jpg 716w\" sizes=\"auto, (max-width: 300px) 100vw, 300px\" \/><\/a><\/p>\n<p>Gestern (26.02.2024) erhielten wir von Dr. P. Angelo Unegbu die traurige Nachricht, dass sich die wirtschaftliche Lage in Nigeria im letzten Jahr sehr verschlechtert hat. Den Familien ist es nicht mehr m\u00f6glich, den Kindern eine warme Mahlzeit am Tag zu geben. Aus diesem Grund m\u00f6chten wir helfen, damit den Kindern zweimal in der Woche in der Schule ein Mittagessen gegeben werden kann. Dazu suchen wir Sponsoren.<\/p>\n<h2><strong>Priesterseminar<\/strong><\/h2>\n<p><a href=\"https:\/\/asn.help\/wp-content\/uploads\/2015\/06\/Priester.jpg\"><img loading=\"lazy\" decoding=\"async\" class=\"alignnone size-medium wp-image-252\" src=\"https:\/\/asn.help\/wp-content\/uploads\/2015\/06\/Priester-211x300.jpg\" alt=\"Priester\" width=\"211\" height=\"300\" srcset=\"https:\/\/asn.help\/wp-content\/uploads\/2015\/06\/Priester-211x300.jpg 211w, https:\/\/asn.help\/wp-content\/uploads\/2015\/06\/Priester.jpg 633w\" sizes=\"auto, (max-width: 211px) 100vw, 211px\" \/><\/a><\/p>\n<p>ASN unterst\u00fctzt Seminaristen, damit sie\u00a0sich das Notwendigste kaufen k\u00f6nnen, um ihr Studium fortzusetzen \u2026<\/p>\n<p>Auch <a href=\"https:\/\/asn.help\/wp-content\/uploads\/2014\/12\/Priesterseminar.pdf\">hier<\/a>\u00a0bedankt sich Pater Angelo im Namen der Seminaristen.<\/p>\n<h2><strong>Wasserprojekt<\/strong><\/h2>\n<p><a href=\"https:\/\/asn.help\/wp-content\/uploads\/2014\/12\/Projekt-N-Wasser03.jpg\"><img loading=\"lazy\" decoding=\"async\" class=\"aligncenter size-full wp-image-39\" src=\"https:\/\/asn.help\/wp-content\/uploads\/2014\/12\/Projekt-N-Wasser03.jpg\" alt=\"Projekt-N-Wasser03\" width=\"300\" height=\"225\" \/><\/a><\/p>\n<p id=\"id_53a4a12f7f8ae8528112300\" class=\"text_exposed_root text_exposed\">Viele Meilen regelm\u00e4\u00dfig laufen um Wasser zu haben. Ist nicht \u00fcberall wie bei uns, Wasserhahn \u00f6ffnen und schon l\u00e4ufts. P. Angelo w\u00fcrde gerne einen Brunnen anlegen &#8211; nach Wasser bohren, und wenigstens zentraler (n\u00e4her an Schule, dem geplanten<span class=\"text_exposed_hide\">&#8230;<\/span><span class=\"text_exposed_show\"> Gesundheitszentrum usw.) legen lassen.<\/span><\/p>\n<p>Erfreulicherweise konnte das Wasserprojekt bereits fertiggestellt werden, n\u00e4heres hier: <a href=\"https:\/\/asn.help\/?p=485\">https:\/\/asn.help\/?p=485<\/a><\/p>\n<p>Mehr hierzu auch in den aktuellen Beitr\u00e4gen auf unserer Homepage, siehe <a title=\"Wasserprojekt (Ndiokonkwo) Nigeria\" href=\"https:\/\/asn.help\/?p=189\">hier.<\/a><\/p>\n<p><span style=\"color: #000000;\">Hier ein\u00a0<a href=\"https:\/\/www.facebook.com\/209675209179442\/videos\/vb.209675209179442\/485487961598164\/?type=2&amp;theater\">Video<\/a><\/span><\/p>\n<h2><\/h2>\n","protected":false},"excerpt":{"rendered":"<p>Hier werden Ausz\u00fcge unserer bisherigen bzw. zuk\u00fcnftigen Projekte ver\u00f6ffentlicht, die wir in Nigeria gef\u00f6rdert haben und weiter f\u00f6rdern m\u00f6chten: Schule\u00a0 250 Sch\u00fcler \u2013 aber was f\u00fcr ein Klassenraum. Mitglieder von ASN haben geholfen, dass die Sch\u00fcler Tische und B\u00e4nke bekamen, an denen sie dem Unterricht folgen k\u00f6nnen; Computer, um sich auf die Zukunft vorzubereiten. Doch &hellip; <a href=\"https:\/\/asn.help\/?page_id=38\" class=\"more-link\"><span class=\"screen-reader-text\">Nigeria<\/span> weiterlesen <span class=\"meta-nav\">&rarr;<\/span><\/a><\/p>\n","protected":false},"author":5,"featured_media":0,"parent":34,"menu_order":0,"comment_status":"open","ping_status":"closed","template":"","meta":{"footnotes":""},"class_list":["post-38","page","type-page","status-publish","hentry"],"_links":{"self":[{"href":"https:\/\/asn.help\/index.php?rest_route=\/wp\/v2\/pages\/38","targetHints":{"allow":["GET"]}}],"collection":[{"href":"https:\/\/asn.help\/index.php?rest_route=\/wp\/v2\/pages"}],"about":[{"href":"https:\/\/asn.help\/index.php?rest_route=\/wp\/v2\/types\/page"}],"author":[{"embeddable":true,"href":"https:\/\/asn.help\/index.php?rest_route=\/wp\/v2\/users\/5"}],"replies":[{"embeddable":true,"href":"https:\/\/asn.help\/index.php?rest_route=%2Fwp%2Fv2%2Fcomments&post=38"}],"version-history":[{"count":24,"href":"https:\/\/asn.help\/index.php?rest_route=\/wp\/v2\/pages\/38\/revisions"}],"predecessor-version":[{"id":1727,"href":"https:\/\/asn.help\/index.php?rest_route=\/wp\/v2\/pages\/38\/revisions\/1727"}],"up":[{"embeddable":true,"href":"https:\/\/asn.help\/index.php?rest_route=\/wp\/v2\/pages\/34"}],"wp:attachment":[{"href":"https:\/\/asn.help\/index.php?rest_route=%2Fwp%2Fv2%2Fmedia&parent=38"}],"curies":[{"name":"wp","href":"https:\/\/api.w.org\/{rel}","templated":true}]}}