{"id":262,"date":"2015-06-14T20:08:51","date_gmt":"2015-06-14T20:08:51","guid":{"rendered":"http:\/\/asn.help\/?page_id=262"},"modified":"2019-08-26T07:04:02","modified_gmt":"2019-08-26T07:04:02","slug":"oesterreichdeutschland","status":"publish","type":"page","link":"https:\/\/asn.help\/?page_id=262","title":{"rendered":"\u00d6sterreich\/Deutschland"},"content":{"rendered":"<p><a href=\"https:\/\/asn.help\/wp-content\/uploads\/2015\/06\/Karalm-025.jpg\"><img loading=\"lazy\" decoding=\"async\" class=\"size-medium wp-image-245 aligncenter\" src=\"https:\/\/asn.help\/wp-content\/uploads\/2015\/06\/Karalm-025-300x225.jpg\" alt=\"Karalm 025\" width=\"300\" height=\"225\" srcset=\"https:\/\/asn.help\/wp-content\/uploads\/2015\/06\/Karalm-025-300x225.jpg 300w, https:\/\/asn.help\/wp-content\/uploads\/2015\/06\/Karalm-025-1024x768.jpg 1024w\" sizes=\"auto, (max-width: 300px) 100vw, 300px\" \/><\/a><\/p>\n<p>Hier werden Ausz\u00fcge unserer bisherigen Projekte ver\u00f6ffentlicht, die wir in \u00d6sterreich und Deutschland gef\u00f6rdert haben bzw. weiterhin\u00a0 f\u00f6rdern m\u00f6chten:<\/p>\n<ul>\n<li>Einer Familie in Deutschland, die durch die schwere Krankheit des selbst\u00e4ndigen Ehegattens, in gro\u00dfe finanzielle Not geraten ist, konnte durch einen finanziellen Zuschuss geholfen werden.<\/li>\n<li>Einer weiteren jungen Familie aus Deutschland, die unverschuldet in eine gro\u00dfe Notlage geraten war, konnte\u00a0 ebenfalls durch einen finanziellen Zuschuss geholfen werden. Siehe <a title=\"Viele kleine Leute\u2026\" href=\"https:\/\/asn.help\/?p=171\"><span style=\"text-decoration: underline;\"><span style=\"color: #0066cc;\">hier.<\/span><\/span><\/a><\/li>\n<li><span style=\"color: #000000;\">Ein Priesteramtskandidat und eine Theologiestudentin aus Deutschland werden finanziell unterst\u00fctzt.<br \/>\n<\/span><\/li>\n<li>Einer Frau aus Deutschland, die schwer erkrankt ist und\u00a0zus\u00e4tzlich in finanzielle Not geraten ist, konnte durch einen finanziellen Zuschuss geholfen werden.usw.<\/li>\n<li>Einem in Not geratenen, in \u00d6sterreich lebenden Mann, konnte durch eine Zuwendung geholfen werden.<\/li>\n<li>Einem Priester konnten wir auch eine finanzielle Hilfe geben.<\/li>\n<li>Auch konnten wir das Apostolat einer Gemeinschaft unterst\u00fctzen.<\/li>\n<li>Einem Mann, der uns begegnete und vor\u00fcbergehend keine finanziellen M\u00f6glichkeiten hatte, durften wir durch eine Spende sehr gl\u00fccklich machen.<\/li>\n<\/ul>\n<p>Hinweisen m\u00f6chten wir, dass jegliche Projekte, die von uns unterst\u00fctzt werden, sorgf\u00e4ltig gepr\u00fcft werden und somit von uns gew\u00e4hrleistet werden kann, dass nur dort geholfen wird, wo es auch wirklich von N\u00f6ten ist.<\/p>\n","protected":false},"excerpt":{"rendered":"<p>Hier werden Ausz\u00fcge unserer bisherigen Projekte ver\u00f6ffentlicht, die wir in \u00d6sterreich und Deutschland gef\u00f6rdert haben bzw. weiterhin\u00a0 f\u00f6rdern m\u00f6chten: Einer Familie in Deutschland, die durch die schwere Krankheit des selbst\u00e4ndigen Ehegattens, in gro\u00dfe finanzielle Not geraten ist, konnte durch einen finanziellen Zuschuss geholfen werden. Einer weiteren jungen Familie aus Deutschland, die unverschuldet in eine gro\u00dfe &hellip; <a href=\"https:\/\/asn.help\/?page_id=262\" class=\"more-link\"><span class=\"screen-reader-text\">\u00d6sterreich\/Deutschland<\/span> weiterlesen <span class=\"meta-nav\">&rarr;<\/span><\/a><\/p>\n","protected":false},"author":4,"featured_media":0,"parent":34,"menu_order":0,"comment_status":"open","ping_status":"closed","template":"","meta":{"footnotes":""},"class_list":["post-262","page","type-page","status-publish","hentry"],"_links":{"self":[{"href":"https:\/\/asn.help\/index.php?rest_route=\/wp\/v2\/pages\/262","targetHints":{"allow":["GET"]}}],"collection":[{"href":"https:\/\/asn.help\/index.php?rest_route=\/wp\/v2\/pages"}],"about":[{"href":"https:\/\/asn.help\/index.php?rest_route=\/wp\/v2\/types\/page"}],"author":[{"embeddable":true,"href":"https:\/\/asn.help\/index.php?rest_route=\/wp\/v2\/users\/4"}],"replies":[{"embeddable":true,"href":"https:\/\/asn.help\/index.php?rest_route=%2Fwp%2Fv2%2Fcomments&post=262"}],"version-history":[{"count":11,"href":"https:\/\/asn.help\/index.php?rest_route=\/wp\/v2\/pages\/262\/revisions"}],"predecessor-version":[{"id":1189,"href":"https:\/\/asn.help\/index.php?rest_route=\/wp\/v2\/pages\/262\/revisions\/1189"}],"up":[{"embeddable":true,"href":"https:\/\/asn.help\/index.php?rest_route=\/wp\/v2\/pages\/34"}],"wp:attachment":[{"href":"https:\/\/asn.help\/index.php?rest_route=%2Fwp%2Fv2%2Fmedia&parent=262"}],"curies":[{"name":"wp","href":"https:\/\/api.w.org\/{rel}","templated":true}]}}