{"id":20,"date":"2014-08-13T11:11:02","date_gmt":"2014-08-13T11:11:02","guid":{"rendered":"http:\/\/asn.help\/?page_id=20"},"modified":"2016-10-19T14:42:29","modified_gmt":"2016-10-19T14:42:29","slug":"die-gruendung","status":"publish","type":"page","link":"https:\/\/asn.help\/?page_id=20","title":{"rendered":"Die Gr\u00fcndung"},"content":{"rendered":"<p style=\"text-align: center;\"><strong>Deutscher Apostolatsverein ASN gegr\u00fcndet<\/strong><\/p>\n<p>&nbsp;<\/p>\n<p><a href=\"https:\/\/asn.help\/wp-content\/uploads\/2014\/12\/GruendungD01.jpg\"><img loading=\"lazy\" decoding=\"async\" class=\"alignleft wp-image-29 size-full\" src=\"https:\/\/asn.help\/wp-content\/uploads\/2014\/12\/GruendungD01.jpg\" alt=\"GruendungD01\" width=\"300\" height=\"225\" \/><\/a>Am 27. Juli 2013 versammelten sich die Gr\u00fcndungsmitglieder von ASN im m\u00fcnsterl\u00e4ndischen Stadtlohn,<\/p>\n<p><a href=\"https:\/\/asn.help\/wp-content\/uploads\/2014\/12\/GruendungD02.jpg\"><img loading=\"lazy\" decoding=\"async\" class=\"alignright wp-image-28\" src=\"https:\/\/asn.help\/wp-content\/uploads\/2014\/12\/GruendungD02.jpg\" alt=\"GruendungD02\" width=\"313\" height=\"235\" srcset=\"https:\/\/asn.help\/wp-content\/uploads\/2014\/12\/GruendungD02.jpg 800w, https:\/\/asn.help\/wp-content\/uploads\/2014\/12\/GruendungD02-300x225.jpg 300w\" sizes=\"auto, (max-width: 313px) 100vw, 313px\" \/><\/a>Nach detail. Aussprache und Verabschiedung von Vereinszweck, Satzung und Beitragsordnung, w\u00e4hlte die Versammlung den Vorstand.<\/p>\n<p><a href=\"https:\/\/asn.help\/wp-content\/uploads\/2014\/12\/GruendungD03.jpg\"><img loading=\"lazy\" decoding=\"async\" class=\"alignleft size-full wp-image-27\" src=\"https:\/\/asn.help\/wp-content\/uploads\/2014\/12\/GruendungD03.jpg\" alt=\"GruendungD03\" width=\"300\" height=\"225\" \/><\/a>Der Vorstand:<br \/>\n(v.r.) Maria Unewisse, 1. Vorsitzende; Rosi Helmers, stellvert. Vorsitzende; Maria te Laar, Finanzverwalterin.<br \/>\n(hinter der Vorsitzenden) Peter Sto\u00dfhoff (Br.JM), gesch\u00e4ftsf\u00fchrender Koordinator.<\/p>\n<p>&nbsp;<\/p>\n<p style=\"text-align: center;\">* * *<\/p>\n<p style=\"text-align: center;\"><strong>\u00d6sterreicher Apostolatsverein ASN gegr\u00fcndet<\/strong><\/p>\n<p><a href=\"https:\/\/asn.help\/wp-content\/uploads\/2014\/12\/GruendungA01.jpg\"><img loading=\"lazy\" decoding=\"async\" class=\"alignleft size-full wp-image-26\" src=\"https:\/\/asn.help\/wp-content\/uploads\/2014\/12\/GruendungA01.jpg\" alt=\"GruendungA01\" width=\"300\" height=\"225\" \/><\/a>\u00a0Am 11. August 2013 versammelten sich die Gr\u00fcndungsmitglieder von ASN im Lammertaler Annaberg,<\/p>\n<p><a href=\"https:\/\/asn.help\/wp-content\/uploads\/2014\/12\/GruendungA02.jpg\"><img loading=\"lazy\" decoding=\"async\" class=\"alignright wp-image-25 size-full\" src=\"https:\/\/asn.help\/wp-content\/uploads\/2014\/12\/GruendungA02.jpg\" alt=\"GruendungA02\" width=\"300\" height=\"225\" \/><\/a>Nach detail. Aussprache und Verabschiedung von Vereinszweck, Satzung und Beitragsordnung, w\u00e4hlte die Versammlung den Vorstand.<\/p>\n<p><a href=\"https:\/\/asn.help\/wp-content\/uploads\/2014\/12\/GruendungA03.jpg\"><img loading=\"lazy\" decoding=\"async\" class=\"alignleft size-full wp-image-30\" src=\"https:\/\/asn.help\/wp-content\/uploads\/2014\/12\/GruendungA03.jpg\" alt=\"GruendungA03\" width=\"294\" height=\"300\" \/><\/a>Der Vorstand:<br \/>\n(v.r.) Elisabeth H\u00f6ll, 1. Vorsitzende; Hannelore P\u00f6tzleitner, stellvert. Vorsitzende; Josef Eder, Finanzverwalter.<br \/>\n(hinter der Vorsitzenden) Peter Sto\u00dfhoff (Br.JM), gesch\u00e4ftsf\u00fchrender Koordinator.<\/p>\n","protected":false},"excerpt":{"rendered":"<p>Deutscher Apostolatsverein ASN gegr\u00fcndet &nbsp; Am 27. Juli 2013 versammelten sich die Gr\u00fcndungsmitglieder von ASN im m\u00fcnsterl\u00e4ndischen Stadtlohn, Nach detail. Aussprache und Verabschiedung von Vereinszweck, Satzung und Beitragsordnung, w\u00e4hlte die Versammlung den Vorstand. Der Vorstand: (v.r.) Maria Unewisse, 1. Vorsitzende; Rosi Helmers, stellvert. Vorsitzende; Maria te Laar, Finanzverwalterin. (hinter der Vorsitzenden) Peter Sto\u00dfhoff (Br.JM), gesch\u00e4ftsf\u00fchrender &hellip; <a href=\"https:\/\/asn.help\/?page_id=20\" class=\"more-link\"><span class=\"screen-reader-text\">Die Gr\u00fcndung<\/span> weiterlesen <span class=\"meta-nav\">&rarr;<\/span><\/a><\/p>\n","protected":false},"author":5,"featured_media":0,"parent":8,"menu_order":0,"comment_status":"open","ping_status":"closed","template":"","meta":{"footnotes":""},"class_list":["post-20","page","type-page","status-publish","hentry"],"_links":{"self":[{"href":"https:\/\/asn.help\/index.php?rest_route=\/wp\/v2\/pages\/20","targetHints":{"allow":["GET"]}}],"collection":[{"href":"https:\/\/asn.help\/index.php?rest_route=\/wp\/v2\/pages"}],"about":[{"href":"https:\/\/asn.help\/index.php?rest_route=\/wp\/v2\/types\/page"}],"author":[{"embeddable":true,"href":"https:\/\/asn.help\/index.php?rest_route=\/wp\/v2\/users\/5"}],"replies":[{"embeddable":true,"href":"https:\/\/asn.help\/index.php?rest_route=%2Fwp%2Fv2%2Fcomments&post=20"}],"version-history":[{"count":7,"href":"https:\/\/asn.help\/index.php?rest_route=\/wp\/v2\/pages\/20\/revisions"}],"predecessor-version":[{"id":714,"href":"https:\/\/asn.help\/index.php?rest_route=\/wp\/v2\/pages\/20\/revisions\/714"}],"up":[{"embeddable":true,"href":"https:\/\/asn.help\/index.php?rest_route=\/wp\/v2\/pages\/8"}],"wp:attachment":[{"href":"https:\/\/asn.help\/index.php?rest_route=%2Fwp%2Fv2%2Fmedia&parent=20"}],"curies":[{"name":"wp","href":"https:\/\/api.w.org\/{rel}","templated":true}]}}