{"id":1935,"date":"2025-12-01T06:56:34","date_gmt":"2025-12-01T06:56:34","guid":{"rendered":"https:\/\/asn.help\/?page_id=1935"},"modified":"2025-12-16T18:47:33","modified_gmt":"2025-12-16T18:47:33","slug":"nigeria-amuko-isunabo-uturu","status":"publish","type":"page","link":"https:\/\/asn.help\/?page_id=1935","title":{"rendered":"Nigeria &#8211; Amuko Isunabo \u2013 Uturu"},"content":{"rendered":"\n<p class=\"has-text-align-center\"><strong>Liebe Interessierte!<\/strong><\/p>\n\n\n\n<div class=\"wp-block-media-text is-stacked-on-mobile\"><figure class=\"wp-block-media-text__media\"><img loading=\"lazy\" decoding=\"async\" width=\"476\" height=\"812\" src=\"https:\/\/asn.help\/wp-content\/uploads\/2025\/12\/Justus-Wasser-Text.jpg\" alt=\"\" class=\"wp-image-1944 size-full\" srcset=\"https:\/\/asn.help\/wp-content\/uploads\/2025\/12\/Justus-Wasser-Text.jpg 476w, https:\/\/asn.help\/wp-content\/uploads\/2025\/12\/Justus-Wasser-Text-176x300.jpg 176w\" sizes=\"auto, (max-width: 476px) 100vw, 476px\" \/><\/figure><div class=\"wp-block-media-text__content\">\n<p class=\"has-text-align-center\">Wie gut haben wir es doch hier. Wasserhahn aufdrehen und das Wasser flie\u00dft.<br>F\u00fcr uns ist das so selbstverst\u00e4ndlich und kaum ist das Wasser einmal f\u00fcr eine Stunde abgedreht, da kommen wir ins Schwitzen.<\/p>\n\n\n\n<p class=\"has-text-align-center\">Stellen Sie sich einmal vor, ohne eigenes Wasser im Dorf auskommen zu m\u00fcssen. So ist es leider in Amuko Isunabo \u2013 Uturu in Isuikwuato L.GA (Bundesstatt Abia in Nigeria \u2013 Heimat von Kaplan Justus Chigozie Oruh). Die M\u00e4dchen m\u00fcssen dort t\u00e4glich aus einem 7 km entfernten Fluss das Wasser holen.<\/p>\n<\/div><\/div>\n\n\n\n<p>Kaplan Justus ist es ein gro\u00dfes Anliegen dort den Menschen zu helfen, so dass sie eigenes Wasser vor Ort erhalten&nbsp; k\u00f6nnen.<\/p>\n\n\n\n<p>F\u00fcr alle, die Kaplan Justus helfen m\u00f6chten, den Menschen in Amuko aus ihrer Armut heraus zu helfen:<\/p>\n\n\n\n<p><strong>Spendenkonto:<\/strong><\/p>\n\n\n\n<p>Apostolatsverein f\u00fcr sozial-caritative Neuevangelisierung ASN e.V.<\/p>\n\n\n\n<p><strong>IBAN:<\/strong> DE81401640243601405000<\/p>\n\n\n\n<p><strong>Verwendungszweck:<\/strong> Amuko<\/p>\n\n\n\n<p>Bei Angabe der Adresse stellen wir gerne Spendenquittungen aus.<\/p>\n\n\n\n<p><strong>Ein herzliches vergelt\u00b4s Gott f\u00fcr jede Unterst\u00fctzung!<\/strong><\/p>\n\n\n\n<div class=\"wp-block-media-text is-stacked-on-mobile\"><figure class=\"wp-block-media-text__media\"><img loading=\"lazy\" decoding=\"async\" width=\"259\" height=\"538\" src=\"https:\/\/asn.help\/wp-content\/uploads\/2025\/12\/Justus-Wasser-Text2.jpg\" alt=\"\" class=\"wp-image-1945 size-full\" srcset=\"https:\/\/asn.help\/wp-content\/uploads\/2025\/12\/Justus-Wasser-Text2.jpg 259w, https:\/\/asn.help\/wp-content\/uploads\/2025\/12\/Justus-Wasser-Text2-144x300.jpg 144w\" sizes=\"auto, (max-width: 259px) 100vw, 259px\" \/><\/figure><div class=\"wp-block-media-text__content\">\n<p class=\"has-text-align-center\">Es soll ein Loch gebohrt werden und das Wasser soll dann mit Rohren zum Dorfplatz geleitet werden.<\/p>\n\n\n\n<p class=\"has-text-align-center\"><br><br><br><br>Auf dem ersten Bild sieht man die Stelle, wo das Wasser geholt wird.<\/p>\n<\/div><\/div>\n","protected":false},"excerpt":{"rendered":"<p>Liebe Interessierte! Wie gut haben wir es doch hier. Wasserhahn aufdrehen und das Wasser flie\u00dft.F\u00fcr uns ist das so selbstverst\u00e4ndlich und kaum ist das Wasser einmal f\u00fcr eine Stunde abgedreht, da kommen wir ins Schwitzen. Stellen Sie sich einmal vor, ohne eigenes Wasser im Dorf auskommen zu m\u00fcssen. So ist es leider in Amuko Isunabo &hellip; <a href=\"https:\/\/asn.help\/?page_id=1935\" class=\"more-link\"><span class=\"screen-reader-text\">Nigeria &#8211; Amuko Isunabo \u2013 Uturu<\/span> weiterlesen <span class=\"meta-nav\">&rarr;<\/span><\/a><\/p>\n","protected":false},"author":3,"featured_media":0,"parent":34,"menu_order":0,"comment_status":"open","ping_status":"closed","template":"","meta":{"footnotes":""},"class_list":["post-1935","page","type-page","status-publish","hentry"],"_links":{"self":[{"href":"https:\/\/asn.help\/index.php?rest_route=\/wp\/v2\/pages\/1935","targetHints":{"allow":["GET"]}}],"collection":[{"href":"https:\/\/asn.help\/index.php?rest_route=\/wp\/v2\/pages"}],"about":[{"href":"https:\/\/asn.help\/index.php?rest_route=\/wp\/v2\/types\/page"}],"author":[{"embeddable":true,"href":"https:\/\/asn.help\/index.php?rest_route=\/wp\/v2\/users\/3"}],"replies":[{"embeddable":true,"href":"https:\/\/asn.help\/index.php?rest_route=%2Fwp%2Fv2%2Fcomments&post=1935"}],"version-history":[{"count":3,"href":"https:\/\/asn.help\/index.php?rest_route=\/wp\/v2\/pages\/1935\/revisions"}],"predecessor-version":[{"id":1947,"href":"https:\/\/asn.help\/index.php?rest_route=\/wp\/v2\/pages\/1935\/revisions\/1947"}],"up":[{"embeddable":true,"href":"https:\/\/asn.help\/index.php?rest_route=\/wp\/v2\/pages\/34"}],"wp:attachment":[{"href":"https:\/\/asn.help\/index.php?rest_route=%2Fwp%2Fv2%2Fmedia&parent=1935"}],"curies":[{"name":"wp","href":"https:\/\/api.w.org\/{rel}","templated":true}]}}